{"id":1267,"date":"2015-07-17T15:29:16","date_gmt":"2015-07-17T11:29:16","guid":{"rendered":"https:\/\/mbabi.ee\/%d1%86%d0%b5%d0%bd%d1%8b\/"},"modified":"2025-07-01T11:48:06","modified_gmt":"2025-07-01T07:48:06","slug":"hinnad","status":"publish","type":"page","link":"https:\/\/mbabi.ee\/ru\/hinnad\/","title":{"rendered":"\u0426\u0435\u043d\u044b"},"content":{"rendered":"<p>[et_pb_section fb_built=&#187;1&#8243; _builder_version=&#187;4.16&#8243; global_colors_info=&#187;{}&#187;][et_pb_row _builder_version=&#187;4.16&#8243; global_colors_info=&#187;{}&#187;][et_pb_column type=&#187;4_4&#8243; _builder_version=&#187;4.16&#8243; custom_padding=&#187;|||&#187; global_colors_info=&#187;{}&#187; custom_padding__hover=&#187;|||&#187;][et_pb_text _builder_version=&#187;4.27.0&#8243; hover_enabled=&#187;0&#8243; global_colors_info=&#187;{}&#187; sticky_enabled=&#187;0&#8243;]<\/p>\n<h1>\u0426\u0435\u043d\u044b<\/h1>\n<link rel='stylesheet' href='https:\/\/mbabi.ee\/wp-content\/themes\/DiviChild\/table.css' type='text\/css'\/>\n<table>\n<tbody>\n<tr>\n<td colspan=\"2\">\u0426\u0435\u043d\u044b \u043d\u0430 \u0442\u0435\u0445\u043e\u0431\u0441\u043b\u0443\u0436\u0438\u0432\u0430\u043d\u0438\u0435 \u0438 \u0440\u0435\u043c\u043e\u043d\u0442\u043d\u044b\u0435 \u0440\u0430\u0431\u043e\u0442\u044b <strong>\u0441 01.07.2025<\/strong><\/td>\n<\/tr>\n<tr>\n<td class=\"eight\">\u042d\u043b\u0435\u043a\u0442\u0440\u043e\u0434\u0438\u0430\u0433\u043d\u043e\u0441\u0442\u0438\u0447\u0435\u0441\u043a\u0438\u0435 \u0440\u0430\u0431\u043e\u0442\u044b<\/td>\n<td class=\"twenty\">68 \u20ac\/\u0447\u0430\u0441<\/td>\n<\/tr>\n<tr>\n<td class=\"eight\">\u0420\u0435\u043c\u043e\u043d\u0442 \u0434\u0432\u0438\u0433\u0430\u0442\u0435\u043b\u044f<\/td>\n<td class=\"twenty\">68 \u20ac\/\u0447\u0430\u0441<\/td>\n<\/tr>\n<tr>\n<td class=\"eight\">\u0421\u043b\u0435\u0441\u0430\u0440\u043d\u044b\u0435 \u0440\u0430\u0431\u043e\u0442\u044b (\u0447), \u0422\u0435\u0445\u043e\u0431\u0441\u043b\u0443\u0436\u0438\u0432\u0430\u043d\u0438\u0435 (\u0447)<\/td>\n<td class=\"twenty\">62 \u20ac\/\u0447\u0430\u0441<\/td>\n<\/tr>\n<tr>\n<td class=\"eight\">\u0423\u0434\u0430\u043b\u0435\u043d\u0438\u0435 \u043e\u0448\u0438\u0431\u043e\u043a, ASSYST PLUS<\/td>\n<td class=\"twenty\">30 \u20ac<\/td>\n<\/tr>\n<tr>\n<td class=\"eight\">\u0414\u0438\u0430\u0433\u043d\u043e\u0441\u0442\u0438\u043a\u0430, Das Test (\u0434\u043e 30 \u043c\u0438\u043d\u0443\u0442)<\/td>\n<td class=\"twenty\">48 \u20ac<\/td>\n<\/tr>\n<tr>\n<td class=\"eight\">\u041e\u0431\u043d\u043e\u0432\u043b\u0435\u043d\u0438\u0435 \u043f\u0440\u043e\u0433\u0440\u0430\u043c\u043c\u043d\u043e\u0433\u043e \u043e\u0431\u0435\u0441\u043f\u0435\u0447\u0435\u043d\u0438\u044f<\/td>\n<td class=\"twenty\">75 &#8212; 100 \u20ac<\/td>\n<\/tr>\n<tr>\n<td class=\"eight\">SCN coding<\/td>\n<td class=\"twenty\">95 \u20ac<\/td>\n<\/tr>\n<tr>\n<td class=\"eight\">\u041f\u043e\u043b\u043d\u044b\u0439 \u043f\u0440\u0435\u0434\u043f\u043e\u043a\u0443\u043f\u043e\u0447\u043d\u044b\u0439 \u043e\u0441\u043c\u043e\u0442\u0440<\/td>\n<td class=\"twenty\">165 \u20ac<\/td>\n<\/tr>\n<tr>\n<td class=\"eight\">\u041a\u043e\u043d\u0442\u0440\u043e\u043b\u044c \u0430\u043a\u043a\u0443\u043c\u0443\u043b\u044f\u0442\u043e\u0440\u043d\u043e\u0439 \u0431\u0430\u0442\u0430\u0440\u0435\u0438, \u0417\u0430\u0440\u044f\u0434 \u0430\u043a\u043a\u0443\u043c\u0443\u043b\u044f\u0442\u043e\u0440\u043d\u043e\u0439 \u0431\u0430\u0442\u0430\u0440\u0435\u0438<\/td>\n<td class=\"twenty\">14,5 \u20ac<\/td>\n<\/tr>\n<tr>\n<td class=\"eight\">\u041a\u043e\u043c\u043f\u043b\u0435\u043a\u0441\u043d\u043e\u0435 \u043e\u0431\u0441\u043b\u0443\u0436\u0438\u0432\u0430\u043d\u0438\u0435 \u0430\u0432\u0442\u043e\u043c\u0430\u0442\u0438\u0447\u0435\u0441\u043a\u043e\u0439 \u043a\u043e\u0440\u043e\u0431\u043a\u0438 \u043f\u0435\u0440\u0435\u0434\u0430\u0447 (ATM) 5 G-tronic<\/td>\n<td class=\"twenty\">320 \u20ac<\/td>\n<\/tr>\n<tr>\n<td class=\"eight\">\u041a\u043e\u043c\u043f\u043b\u0435\u043a\u0441\u043d\u043e\u0435 \u043e\u0431\u0441\u043b\u0443\u0436\u0438\u0432\u0430\u043d\u0438\u0435 \u0430\u0432\u0442\u043e\u043c\u0430\u0442\u0438\u0447\u0435\u0441\u043a\u043e\u0439 \u043a\u043e\u0440\u043e\u0431\u043a\u0438 \u043f\u0435\u0440\u0435\u0434\u0430\u0447 (ATM) 7 G-tronic<\/td>\n<td class=\"twenty\">420 \u20ac<\/td>\n<\/tr>\n<tr>\n<td class=\"eight\">\u041a\u043e\u043c\u043f\u043b\u0435\u043a\u0441\u043d\u043e\u0435 \u043e\u0431\u0441\u043b\u0443\u0436\u0438\u0432\u0430\u043d\u0438\u0435 \u0430\u0432\u0442\u043e\u043c\u0430\u0442\u0438\u0447\u0435\u0441\u043a\u043e\u0439 \u043a\u043e\u0440\u043e\u0431\u043a\u0438 \u043f\u0435\u0440\u0435\u0434\u0430\u0447 (ATM) 9 G-tronic<\/td>\n<td class=\"twenty\">635 \u20ac<\/td>\n<\/tr>\n<tr>\n<td class=\"eight\">\u041a\u043e\u043c\u043f\u043b\u0435\u043a\u0441\u043d\u043e\u0435 \u043e\u0431\u0441\u043b\u0443\u0436\u0438\u0432\u0430\u043d\u0438\u0435 \u0430\u0432\u0442\u043e\u043c\u0430\u0442\u0438\u0447\u0435\u0441\u043a\u043e\u0439 \u043a\u043e\u0440\u043e\u0431\u043a\u0438 \u043f\u0435\u0440\u0435\u0434\u0430\u0447 (ATM) DSG<\/td>\n<td class=\"twenty\">360 \u20ac<\/td>\n<\/tr>\n<tr>\n<td class=\"eight\">\u0425\u0440\u0430\u043d\u0435\u043d\u0438\u0435 \u0430\u0432\u0442\u043e\u043c\u043e\u0431\u0438\u043b\u044f (\u043f\u043e \u0436\u0435\u043b\u0430\u043d\u0438\u044e \u0430\u0432\u0442\u043e\u0432\u043b\u0430\u0434\u0435\u043b\u044c\u0446\u0430)<\/td>\n<td class=\"twenty\">8 \u20ac \/ \u0441\u0443\u0442\u043a\u0438<\/td>\n<\/tr>\n<tr>\n<td class=\"eight\">\u0417\u0430\u043f\u0440\u0430\u0432\u043a\u0430 \u0441\u0438\u0441\u0442\u0435\u043c\u044b \u043a\u043e\u043d\u0434\u0438\u0446\u0438\u043e\u043d\u0435\u0440\u0430 R134<\/td>\n<td class=\"twenty\">85 &#8212; 120 \u20ac<\/td>\n<\/tr>\n<tr>\n<td class=\"eight\">\u0417\u0430\u043f\u0440\u0430\u0432\u043a\u0430 \u0441\u0438\u0441\u0442\u0435\u043c\u044b \u043a\u043e\u043d\u0434\u0438\u0446\u0438\u043e\u043d\u0435\u0440\u0430 R1234<\/td>\n<td class=\"twenty\">220 &#8212; 320 \u20ac<\/td>\n<\/tr>\n<tr>\n<td class=\"eight\">\u041f\u0440\u043e\u0432\u0435\u0440\u043a\u0430 \u0441\u0438\u0441\u0442\u0435\u043c\u044b \u043a\u043e\u043d\u0434\u0438\u0446\u0438\u043e\u043d\u0435\u0440\u0430 \u0430\u0437\u043e\u0442\u043e\u043c<\/td>\n<td class=\"twenty\">38 \u20ac<\/td>\n<\/tr>\n<\/tbody>\n<\/table>\n<p>[\/et_pb_text][\/et_pb_column][\/et_pb_row][\/et_pb_section]<\/p>\n","protected":false},"excerpt":{"rendered":"<p>\u0426\u0435\u043d\u044b \u0426\u0435\u043d\u044b \u043d\u0430 \u0442\u0435\u0445\u043e\u0431\u0441\u043b\u0443\u0436\u0438\u0432\u0430\u043d\u0438\u0435 \u0438 \u0440\u0435\u043c\u043e\u043d\u0442\u043d\u044b\u0435 \u0440\u0430\u0431\u043e\u0442\u044b \u0441 01.07.2025 \u042d\u043b\u0435\u043a\u0442\u0440\u043e\u0434\u0438\u0430\u0433\u043d\u043e\u0441\u0442\u0438\u0447\u0435\u0441\u043a\u0438\u0435 \u0440\u0430\u0431\u043e\u0442\u044b 68 \u20ac\/\u0447\u0430\u0441 \u0420\u0435\u043c\u043e\u043d\u0442 \u0434\u0432\u0438\u0433\u0430\u0442\u0435\u043b\u044f 68 \u20ac\/\u0447\u0430\u0441 \u0421\u043b\u0435\u0441\u0430\u0440\u043d\u044b\u0435 \u0440\u0430\u0431\u043e\u0442\u044b (\u0447), \u0422\u0435\u0445\u043e\u0431\u0441\u043b\u0443\u0436\u0438\u0432\u0430\u043d\u0438\u0435 (\u0447) 62 \u20ac\/\u0447\u0430\u0441 \u0423\u0434\u0430\u043b\u0435\u043d\u0438\u0435 \u043e\u0448\u0438\u0431\u043e\u043a, ASSYST PLUS 30 \u20ac \u0414\u0438\u0430\u0433\u043d\u043e\u0441\u0442\u0438\u043a\u0430, Das Test (\u0434\u043e 30 \u043c\u0438\u043d\u0443\u0442) 48 \u20ac \u041e\u0431\u043d\u043e\u0432\u043b\u0435\u043d\u0438\u0435 \u043f\u0440\u043e\u0433\u0440\u0430\u043c\u043c\u043d\u043e\u0433\u043e \u043e\u0431\u0435\u0441\u043f\u0435\u0447\u0435\u043d\u0438\u044f 75 &#8212; 100 \u20ac SCN coding 95 \u20ac \u041f\u043e\u043b\u043d\u044b\u0439 \u043f\u0440\u0435\u0434\u043f\u043e\u043a\u0443\u043f\u043e\u0447\u043d\u044b\u0439 \u043e\u0441\u043c\u043e\u0442\u0440 165 \u20ac \u041a\u043e\u043d\u0442\u0440\u043e\u043b\u044c [&hellip;]<\/p>\n","protected":false},"author":1,"featured_media":0,"parent":0,"menu_order":0,"comment_status":"open","ping_status":"open","template":"","meta":{"_et_pb_use_builder":"on","_et_pb_old_content":"<link rel='stylesheet' href='https:\/\/mbabi.ee\/wp-content\/themes\/DiviChild\/table.css' type='text\/css'\/>\r\n\r\n<table>\r\n\t<tbody>\r\n\t<tr>\r\n\t\t<td class=\"eight\">Diagnostika (Das Test)<\/td>\r\n\t\t<td class=\"twenty\">30.00 \u20ac<\/td>\r\n\t<\/tr>\r\n\t<tr>\r\n\t\t<td class=\"eight\">Diagnostilised t\u00f6\u00f6d<\/td>\r\n\t\t<td class=\"twenty\">38 \u20ac\/tund<\/td>\r\n\t<\/tr>\r\n\t<tr>\r\n\t\t<td class=\"eight\">Vigade kustutamine<\/td>\r\n\t\t<td class=\"twenty\">15 \u20ac<\/td>\r\n\t<\/tr>\r\n\t<tr>\r\n\t\t<td class=\"eight\">Elektrit\u00f6\u00f6d<\/td>\r\n\t\t<td class=\"twenty\">38 \u20ac\/tund<\/td>\r\n\t<\/tr>\r\n\t<tr>\r\n\t\t<td class=\"eight\">Salongit\u00f6\u00f6d<\/td>\r\n\t\t<td class=\"twenty\">38 \u20ac\/tund<\/td>\r\n\t<\/tr>\r\n\t<tr>\r\n\t\t<td class=\"eight\">Mootorit\u00f6\u00f6d<\/td>\r\n\t\t<td class=\"twenty\">38 \u20ac\/tund<\/td>\r\n\t<\/tr>\r\n\t<tr>\r\n\t\t<td class=\"eight\">Lisaseadmete paigaldamine<\/td>\r\n\t\t<td class=\"twenty\">38 \u20ac\/tund<\/td>\r\n\t<\/tr>\r\n\t<tr>\r\n\t\t<td class=\"eight\">Lukkseppat\u00f6\u00f6d<\/td>\r\n\t\t<td class=\"twenty\">35 \u20ac\/tund<\/td>\r\n\t<\/tr>\r\n\t<tr>\r\n\t\t<td class=\"eight\">\u00dcldkontroll<\/td>\r\n\t\t<td class=\"twenty\">80 \u20ac<\/td>\r\n\t<\/tr>\r\n\t<tr>\r\n\t\t<td class=\"eight\">Veermiku kontroll<\/td>\r\n\t\t<td class=\"twenty\">15 \u20ac<\/td>\r\n\t<\/tr>\r\n\t<tr>\r\n\t\t<td class=\"eight\">AKU test<\/td>\r\n\t\t<td class=\"twenty\">10 \u20ac<\/td>\r\n\t<\/tr>\r\n\t<tr>\r\n\t\t<td class=\"eight\">AKU laadimine <\/td>\r\n\t\t<td class=\"twenty\">10 \u20ac<\/td>\r\n\t<\/tr>\r\n\t<tr>\r\n\t\t<td class=\"eight\">CDI k\u00fc\u00fcnalde v\u00e4ljapuurimine OM 611\/612\/613\/628 (tk)<\/td>\r\n\t\t<td class=\"twenty\">135 \u20ac<\/td>\r\n\t<\/tr>\r\n\t<tr>\r\n\t\t<td class=\"eight\">CDI K\u00fc\u00fcnalde v\u00e4ljapuurimine OM 642\/629 (tk)<\/td>\r\n\t\t<td class=\"twenty\">170 \u20ac<\/td>\r\n\t<\/tr>\t\r\n\t<tr>\r\n\t\t<td class=\"eight\">Automaat k\u00e4igukasti Hooldus (ATM)<\/td>\r\n\t\t<td class=\"twenty\">198 \u20ac<\/td>\r\n\t<\/tr>\r\n\t<tr>\r\n\t\t<td class=\"eight\">Automaat k\u00e4igukasti Hooldus (ATM) 7 G-tronic<\/td>\r\n\t\t<td class=\"twenty\">292 \u20ac<\/td>\r\n\t<\/tr>\r\n\t<tr>\r\n\t\t<td class=\"eight\">Kliima kontroll<\/td>\r\n\t\t<td class=\"twenty\">25 \u20ac<\/td>\r\n\t<\/tr>\r\n\t<tr>\r\n\t\t<td class=\"eight\">Kliima t\u00e4itmine<\/td>\r\n\t\t<td class=\"twenty\">45 - 75 \u20ac<\/td>\r\n\t<\/tr>\r\n\t<tr>\r\n\t\t<td class=\"eight\">Kliimas\u00fcsteemi kontroll l\u00e4mmastikuga<\/td>\r\n\t\t<td class=\"twenty\">25 \u20ac<\/td>\r\n\t<\/tr>\r\n\t<tr>\r\n\t\t<td class=\"eight\">SCN coding<\/td>\r\n\t\t<td class=\"twenty\">35 - 80 \u20ac<\/td>\r\n\t<\/tr>\r\n\t<tr>\r\n\t\t<td class=\"eight\">Tarkvara uuendamine<\/td>\r\n\t\t<td class=\"twenty\">45 \u20ac<\/td>\r\n\t<\/tr>\r\n\t<\/tbody>\r\n<\/table>","_et_gb_content_width":"","footnotes":""},"class_list":["post-1267","page","type-page","status-publish","hentry"],"_links":{"self":[{"href":"https:\/\/mbabi.ee\/ru\/wp-json\/wp\/v2\/pages\/1267","targetHints":{"allow":["GET"]}}],"collection":[{"href":"https:\/\/mbabi.ee\/ru\/wp-json\/wp\/v2\/pages"}],"about":[{"href":"https:\/\/mbabi.ee\/ru\/wp-json\/wp\/v2\/types\/page"}],"author":[{"embeddable":true,"href":"https:\/\/mbabi.ee\/ru\/wp-json\/wp\/v2\/users\/1"}],"replies":[{"embeddable":true,"href":"https:\/\/mbabi.ee\/ru\/wp-json\/wp\/v2\/comments?post=1267"}],"version-history":[{"count":10,"href":"https:\/\/mbabi.ee\/ru\/wp-json\/wp\/v2\/pages\/1267\/revisions"}],"predecessor-version":[{"id":2517,"href":"https:\/\/mbabi.ee\/ru\/wp-json\/wp\/v2\/pages\/1267\/revisions\/2517"}],"wp:attachment":[{"href":"https:\/\/mbabi.ee\/ru\/wp-json\/wp\/v2\/media?parent=1267"}],"curies":[{"name":"wp","href":"https:\/\/api.w.org\/{rel}","templated":true}]}}