{"id":1246,"date":"2015-02-13T16:50:47","date_gmt":"2015-02-13T12:50:47","guid":{"rendered":"https:\/\/mbabi.ee\/%d0%ba%d0%be%d0%bd%d1%82%d0%b0%d0%ba%d1%82\/"},"modified":"2026-01-20T17:34:47","modified_gmt":"2026-01-20T13:34:47","slug":"kontakt","status":"publish","type":"page","link":"https:\/\/mbabi.ee\/ru\/kontakt\/","title":{"rendered":"\u041a\u043e\u043d\u0442\u0430\u043a\u0442"},"content":{"rendered":"<p>[et_pb_section fb_built=&#187;1&#8243; fullwidth=&#187;on&#187; admin_label=&#187;section&#187; _builder_version=&#187;4.16&#8243; global_colors_info=&#187;{}&#187;][et_pb_fullwidth_code _builder_version=&#187;4.16&#8243; global_colors_info=&#187;{}&#187;]<iframe loading=\"lazy\" src=\"https:\/\/www.google.com\/maps\/embed?pb=!1m18!1m12!1m3!1d2029.2641643736163!2d24.8218550139767!3d59.428668672452226!2m3!1f0!2f0!3f0!3m2!1i1024!2i768!4f13.1!3m3!1m2!1s0x4692eca59494680f%3A0xfa459b20b35c6b49!2sMB%20Abi%20O%C3%9C!5e0!3m2!1sru!2see!4v1580900881761!5m2!1sru!2see\" width=\"100%\" height=\"408\" frameborder=\"0\" style=\"border:0;\" allowfullscreen=\"\"><\/iframe>[\/et_pb_fullwidth_code][\/et_pb_section][et_pb_section fb_built=&#187;1&#8243; _builder_version=&#187;4.16&#8243; custom_padding=&#187;||0px|&#187; global_colors_info=&#187;{}&#187;][et_pb_row _builder_version=&#187;4.16&#8243; background_size=&#187;initial&#187; background_position=&#187;top_left&#187; background_repeat=&#187;repeat&#187; global_colors_info=&#187;{}&#187;][et_pb_column type=&#187;4_4&#8243; _builder_version=&#187;4.16&#8243; custom_padding=&#187;|||&#187; global_colors_info=&#187;{}&#187; custom_padding__hover=&#187;|||&#187;][et_pb_text _builder_version=&#187;4.27.0&#8243; text_orientation=&#187;center&#187; module_alignment=&#187;center&#187; hover_enabled=&#187;0&#8243; border_style=&#187;solid&#187; global_colors_info=&#187;{}&#187; sticky_enabled=&#187;0&#8243;]<\/p>\n<h3>\u0416\u0434\u0435\u043c \u0432\u0430\u0441 \u043f\u043e \u0430\u0434\u0440\u0435\u0441\u0443 Vahuri 5 (Peterburi tee 53a), 11415, \u0422\u0430\u043b\u043b\u0438\u043d\u043d<\/h3>\n<p>\u041f\u043d-\u041f\u0442: 9-17; \u0421\u0431, \u0412\u0441: \u0417\u0430\u043a\u0440\u044b\u0442\u043e.[\/et_pb_text][\/et_pb_column][\/et_pb_row][\/et_pb_section][et_pb_section fb_built=&#187;1&#8243; specialty=&#187;on&#187; admin_label=&#187;section&#187; _builder_version=&#187;4.16&#8243; global_colors_info=&#187;{}&#187;][et_pb_column type=&#187;1_2&#8243; _builder_version=&#187;4.16&#8243; custom_padding=&#187;|||&#187; global_colors_info=&#187;{}&#187; custom_padding__hover=&#187;|||&#187;][et_pb_text admin_label=&#187;\u0422\u0435\u043a\u0441\u0442&#187; _builder_version=&#187;4.16&#8243; background_size=&#187;initial&#187; background_position=&#187;top_left&#187; background_repeat=&#187;repeat&#187; module_alignment=&#187;left&#187; use_border_color=&#187;off&#187; border_color=&#187;#ffffff&#187; border_style=&#187;solid&#187; global_colors_info=&#187;{}&#187;]\n<div class=\"wpcf7 no-js\" id=\"wpcf7-f195-o1\" lang=\"ru-RU\" dir=\"ltr\" data-wpcf7-id=\"195\">\n<div class=\"screen-reader-response\"><p role=\"status\" aria-live=\"polite\" aria-atomic=\"true\"><\/p> <ul><\/ul><\/div>\n<form action=\"\/ru\/wp-json\/wp\/v2\/pages\/1246#wpcf7-f195-o1\" method=\"post\" class=\"wpcf7-form init\" aria-label=\"\u041a\u043e\u043d\u0442\u0430\u043a\u0442\u043d\u0430\u044f \u0444\u043e\u0440\u043c\u0430\" novalidate=\"novalidate\" data-status=\"init\">\n<fieldset class=\"hidden-fields-container\"><input type=\"hidden\" name=\"_wpcf7\" value=\"195\" \/><input type=\"hidden\" name=\"_wpcf7_version\" value=\"6.1.4\" \/><input type=\"hidden\" name=\"_wpcf7_locale\" value=\"ru_RU\" \/><input type=\"hidden\" name=\"_wpcf7_unit_tag\" value=\"wpcf7-f195-o1\" \/><input type=\"hidden\" name=\"_wpcf7_container_post\" value=\"0\" \/><input type=\"hidden\" name=\"_wpcf7_posted_data_hash\" value=\"\" \/><input type=\"hidden\" name=\"_wpcf7_recaptcha_response\" value=\"\" \/>\n<\/fieldset>\n<p>\u0412\u0430\u0448\u0435 \u0438\u043c\u044f (\u043e\u0431\u044f\u0437\u0430\u0442\u0435\u043b\u044c\u043d\u043e)\n<\/p>\n<p><span class=\"wpcf7-form-control-wrap\" data-name=\"your-name\"><input size=\"40\" maxlength=\"400\" class=\"wpcf7-form-control wpcf7-text wpcf7-validates-as-required\" aria-required=\"true\" aria-invalid=\"false\" value=\"\" type=\"text\" name=\"your-name\" \/><\/span>\n<\/p>\n<p>\u0412\u0430\u0448 e-mail (\u043e\u0431\u044f\u0437\u0430\u0442\u0435\u043b\u044c\u043d\u043e)\n<\/p>\n<p><span class=\"wpcf7-form-control-wrap\" data-name=\"your-email\"><input size=\"40\" maxlength=\"400\" class=\"wpcf7-form-control wpcf7-email wpcf7-validates-as-required wpcf7-text wpcf7-validates-as-email\" aria-required=\"true\" aria-invalid=\"false\" value=\"\" type=\"email\" name=\"your-email\" \/><\/span>\n<\/p>\n<p>\u0412\u0430\u0448 \u0442\u0435\u043b\u0435\u0444\u043e\u043d (\u043e\u0431\u044f\u0437\u0430\u0442\u0435\u043b\u044c\u043d\u043e)\n<\/p>\n<p><span class=\"wpcf7-form-control-wrap\" data-name=\"tel-948\"><input size=\"40\" maxlength=\"400\" class=\"wpcf7-form-control wpcf7-tel wpcf7-validates-as-required wpcf7-text wpcf7-validates-as-tel\" aria-required=\"true\" aria-invalid=\"false\" value=\"\" type=\"tel\" name=\"tel-948\" \/><\/span>\n<\/p>\n<p>\u0422\u0435\u043c\u0430\n<\/p>\n<p><span class=\"wpcf7-form-control-wrap\" data-name=\"your-subject\"><input size=\"40\" maxlength=\"400\" class=\"wpcf7-form-control wpcf7-text\" aria-invalid=\"false\" value=\"\" type=\"text\" name=\"your-subject\" \/><\/span>\n<\/p>\n<p>\u0421\u043e\u043e\u0431\u0449\u0435\u043d\u0438\u0435\n<\/p>\n<p><span class=\"wpcf7-form-control-wrap\" data-name=\"your-message\"><textarea cols=\"40\" rows=\"10\" maxlength=\"2000\" class=\"wpcf7-form-control wpcf7-textarea\" aria-invalid=\"false\" name=\"your-message\"><\/textarea><\/span>\n<\/p>\n\n<p><input class=\"wpcf7-form-control wpcf7-submit has-spinner\" type=\"submit\" value=\"\u041e\u0442\u043f\u0440\u0430\u0432\u0438\u0442\u044c\" \/>\n<\/p><p style=\"display: none !important;\" class=\"akismet-fields-container\" data-prefix=\"_wpcf7_ak_\"><label>&#916;<textarea name=\"_wpcf7_ak_hp_textarea\" cols=\"45\" rows=\"8\" maxlength=\"100\"><\/textarea><\/label><input type=\"hidden\" id=\"ak_js_1\" name=\"_wpcf7_ak_js\" value=\"176\"\/><script>document.getElementById( \"ak_js_1\" ).setAttribute( \"value\", ( new Date() ).getTime() );<\/script><\/p><div class=\"wpcf7-response-output\" aria-hidden=\"true\"><\/div>\n<\/form>\n<\/div>\n<br \/>\n[\/et_pb_text][\/et_pb_column][et_pb_column type=&#187;1_2&#8243; specialty_columns=&#187;2&#8243; _builder_version=&#187;4.16&#8243; custom_padding=&#187;|||&#187; global_colors_info=&#187;{}&#187; custom_padding__hover=&#187;|||&#187;][et_pb_row_inner _builder_version=&#187;4.16&#8243; global_colors_info=&#187;{}&#187;][et_pb_column_inner saved_specialty_column_type=&#187;1_2&#8243; _builder_version=&#187;4.16&#8243; custom_padding=&#187;|||&#187; global_colors_info=&#187;{}&#187; custom_padding__hover=&#187;|||&#187;][et_pb_text _builder_version=&#187;4.16&#8243; module_alignment=&#187;left&#187; border_style=&#187;solid&#187; global_colors_info=&#187;{}&#187;]<\/p>\n<h3>MB Abi O\u00dc<\/h3>\n<h4>E-mail: info@mbabi.ee<\/h4>\n<p>[\/et_pb_text][\/et_pb_column_inner][\/et_pb_row_inner][et_pb_row_inner column_structure=&#187;1_2,1_2&#8243; _builder_version=&#187;4.16&#8243; global_colors_info=&#187;{}&#187;][et_pb_column_inner type=&#187;1_2&#8243; saved_specialty_column_type=&#187;1_2&#8243; _builder_version=&#187;4.16&#8243; custom_padding=&#187;|||&#187; global_colors_info=&#187;{}&#187; custom_padding__hover=&#187;|||&#187;][et_pb_team_member name=&#187;Andrei M\u00e4ting&#187; position=&#187;\u0420\u0443\u043a\u043e\u0432\u043e\u0434\u0438\u0442\u0435\u043b\u044c \u0438 \u043e\u0441\u043d\u043e\u0432\u0430\u0442\u0435\u043b\u044c&#187; image_url=&#187;https:\/\/mbabi.ee\/wp-content\/uploads\/2014\/08\/IMG3_4198-Edit-Recovered.crop_.jpg&#187; admin_label=&#187;\u041c\u043e\u0434\u0443\u043b\u044c \u041f\u0435\u0440\u0441\u043e\u043d\u0430&#187; _builder_version=&#187;4.16&#8243; border_style=&#187;solid&#187; global_colors_info=&#187;{}&#187;]\u042f\u0437\u044b\u043a\u0438 \u043e\u0431\u0449\u0435\u043d\u0438\u044f: <\/p>\n<div class='one_half'>\n\t\t\t\t\t<ul>\n<li>\u044d\u0441\u0442\u043e\u043d\u0441\u043a\u0438\u0439<\/li>\n<li>\u0440\u0443\u0441\u0441\u043a\u0438\u0439<\/li>\n<\/ul>\n\t\t\t\t<\/div><div class='one_half et_column_last'>\n\t\t\t\t\t<ul>\n<li>\u0430\u043d\u0433\u043b\u0438\u0439\u0441\u043a\u0438\u0439<\/li>\n<li>\u043d\u0435\u043c\u0435\u0446\u043a\u0438\u0439<\/li>\n<\/ul>\n\t\t\t\t<\/div><div class='clear'><\/div><\/p>\n<p>andrei@mbabi.ee<\/p>\n<p>+372 56 614 171<br \/>\n[\/et_pb_team_member][\/et_pb_column_inner][et_pb_column_inner type=&#187;1_2&#8243; saved_specialty_column_type=&#187;1_2&#8243; _builder_version=&#187;4.16&#8243; custom_padding=&#187;|||&#187; global_colors_info=&#187;{}&#187; custom_padding__hover=&#187;|||&#187;][et_pb_team_member name=&#187;\u0415\u043b\u0435\u043d\u0430 \u0428\u0430\u043f\u043e\u0432\u0430\u043b\u043e\u0432\u0430&#187; position=&#187;\u0410\u0434\u043c\u0438\u043d\u0438\u0441\u0442\u0440\u0430\u0442\u043e\u0440&#187; image_url=&#187;https:\/\/mbabi.ee\/wp-content\/uploads\/2020\/04\/IMG_9660Jelenashipscv-1.jpg&#187; admin_label=&#187;\u041c\u043e\u0434\u0443\u043b\u044c \u041f\u0435\u0440\u0441\u043e\u043d\u0430&#187; _builder_version=&#187;4.16&#8243; border_style=&#187;solid&#187; global_colors_info=&#187;{}&#187;]\u042f\u0437\u044b\u043a\u0438 \u043e\u0431\u0449\u0435\u043d\u0438\u044f: <\/p>\n<ul>\n<li>\u044d\u0441\u0442\u043e\u043d\u0441\u043a\u0438\u0439<\/li>\n<li>\u0440\u0443\u0441\u0441\u043a\u0438\u0439<\/li>\n<\/ul>\n<p>info@mbabi.ee<\/p>\n<p>+372 56 456 444<br \/>\n[\/et_pb_team_member][\/et_pb_column_inner][\/et_pb_row_inner][et_pb_row_inner _builder_version=&#187;4.27.0&#8243; _module_preset=&#187;default&#187; locked=&#187;off&#187; global_colors_info=&#187;{}&#187;][et_pb_column_inner saved_specialty_column_type=&#187;1_2&#8243; _builder_version=&#187;4.27.0&#8243; _module_preset=&#187;default&#187; global_colors_info=&#187;{}&#187;][et_pb_image src=&#187;https:\/\/mbabi.ee\/wp-content\/uploads\/2025\/01\/kaasrahastanud_el_kaksiklogod_est_hor_color_rgb.png&#187; title_text=&#187;Kaasrahastanud_EL_kaksiklogod_EST_hor_color_RGB&#187; module_class=&#187;clickable-image&#187; _builder_version=&#187;4.27.0&#8243; _module_preset=&#187;default&#187; width=&#187;60%&#187; width_tablet=&#187;60%&#187; width_phone=&#187;60%&#187; width_last_edited=&#187;on|tablet&#187; module_alignment=&#187;left&#187; module_alignment_tablet=&#187;left&#187; module_alignment_phone=&#187;center&#187; module_alignment_last_edited=&#187;on|desktop&#187; global_colors_info=&#187;{}&#187;][\/et_pb_image][et_pb_text module_id=&#187;popup&#187; module_class=&#187;popup hidden&#187; _builder_version=&#187;4.27.0&#8243; _module_preset=&#187;default&#187; global_colors_info=&#187;{}&#187;]<\/p>\n<div class=\"popup-content\">\n<p><span class=\"close-btn\">\u00d7<\/span><\/p>\n<p><strong>MB Abi O\u00dc digitaliseerimise teekaardi koostamine<\/strong><br \/><strong>eesm\u00e4rk:<\/strong> Projekti eesm\u00e4rgiks on ettev\u00f5tte digitaliseerimisele ja automatsieerimisele hinnangu andmine ja sellega seotud arengukohtade kaardistamine ning konkreetsete lahenduste v\u00e4lja pakkumine<\/p>\n<p><strong>tulemus:<\/strong> Digitaliseerimise teekaart on ettev\u00f5tte strateegiline dokument, milles hinnatakse ettev\u00f5tte digitaliseerimise taset, vajalikke investeeringuid puudutavate kitsaskohtade k\u00f5rvaldamise plaane, nende kasumlikkust ja m\u00f5ju ettev\u00f5tja finantstulemustele. Digitaliseerimise tegevuskava sisaldab ka 3-aastast kava digitaliseerimise rakendamiseks.<\/p>\n<p><strong>toetuse summa:<\/strong> 5340 eurot<\/p>\n<\/div>\n<p>[\/et_pb_text][et_pb_code _builder_version=&#187;4.27.0&#8243; _module_preset=&#187;default&#187; global_colors_info=&#187;{}&#187;]<\/p>\n<style><!-- [et_pb_line_break_holder] --><!-- [et_pb_line_break_holder] --><!-- [et_pb_line_break_holder] -->.clickable-image {<!-- [et_pb_line_break_holder] -->    cursor: pointer;<!-- [et_pb_line_break_holder] -->}<!-- [et_pb_line_break_holder] --><!-- [et_pb_line_break_holder] -->\/* Popup styles *\/<!-- [et_pb_line_break_holder] -->.popup {<!-- [et_pb_line_break_holder] -->    position: fixed;<!-- [et_pb_line_break_holder] -->    top: 0;<!-- [et_pb_line_break_holder] -->    left: 0;<!-- [et_pb_line_break_holder] -->    width: 100%;<!-- [et_pb_line_break_holder] -->    height: 100%;<!-- [et_pb_line_break_holder] -->    background-color: rgba(0, 0, 0, 0.7);<!-- [et_pb_line_break_holder] -->    display: flex;<!-- [et_pb_line_break_holder] -->    justify-content: center;<!-- [et_pb_line_break_holder] -->    align-items: center;<!-- [et_pb_line_break_holder] -->    z-index: 1000;<!-- [et_pb_line_break_holder] -->}<!-- [et_pb_line_break_holder] --><!-- [et_pb_line_break_holder] -->.popup.hidden {<!-- [et_pb_line_break_holder] -->    display: none;<!-- [et_pb_line_break_holder] -->}<!-- [et_pb_line_break_holder] --><!-- [et_pb_line_break_holder] -->.popup-content {<!-- [et_pb_line_break_holder] -->    background: #fff;<!-- [et_pb_line_break_holder] -->    padding: 20px;<!-- [et_pb_line_break_holder] -->    border-radius: 10px;<!-- [et_pb_line_break_holder] -->    width: 90%;<!-- [et_pb_line_break_holder] -->    max-width: 600px;<!-- [et_pb_line_break_holder] -->    text-align: center;<!-- [et_pb_line_break_holder] -->    box-shadow: 0 4px 8px rgba(0, 0, 0, 0.2);<!-- [et_pb_line_break_holder] -->    position: relative;<!-- [et_pb_line_break_holder] -->}<!-- [et_pb_line_break_holder] --><!-- [et_pb_line_break_holder] -->.popup-content .close-btn {<!-- [et_pb_line_break_holder] -->    position: absolute;<!-- [et_pb_line_break_holder] -->    top: 10px;<!-- [et_pb_line_break_holder] -->    right: 10px;<!-- [et_pb_line_break_holder] -->    font-size: 20px;<!-- [et_pb_line_break_holder] -->    cursor: pointer;<!-- [et_pb_line_break_holder] -->    color: #888;<!-- [et_pb_line_break_holder] -->}<!-- [et_pb_line_break_holder] --><!-- [et_pb_line_break_holder] -->.popup-content .close-btn:hover {<!-- [et_pb_line_break_holder] -->    color: #000;<!-- [et_pb_line_break_holder] -->}<!-- [et_pb_line_break_holder] --><\/style>\n<p><!-- [et_pb_line_break_holder] --><!-- [et_pb_line_break_holder] --><script><!-- [et_pb_line_break_holder] --><!-- [et_pb_line_break_holder] -->\/\/ \u041f\u043e\u043b\u0443\u0447\u0430\u0435\u043c \u044d\u043b\u0435\u043c\u0435\u043d\u0442\u044b<!-- [et_pb_line_break_holder] -->const image = document.querySelector('.clickable-image');<!-- [et_pb_line_break_holder] -->const popup = document.getElementById('popup');<!-- [et_pb_line_break_holder] -->const closeBtn = document.querySelector('.close-btn');<!-- [et_pb_line_break_holder] --><!-- [et_pb_line_break_holder] -->\/\/ \u041e\u0442\u043a\u0440\u044b\u0442\u0438\u0435 \u0432\u0441\u043f\u043b\u044b\u0432\u0430\u044e\u0449\u0435\u0433\u043e \u043e\u043a\u043d\u0430 \u043f\u0440\u0438 \u043a\u043b\u0438\u043a\u0435 \u043d\u0430 \u0438\u0437\u043e\u0431\u0440\u0430\u0436\u0435\u043d\u0438\u0435<!-- [et_pb_line_break_holder] -->image.addEventListener('click', () => {<!-- [et_pb_line_break_holder] -->    popup.classList.remove('hidden');<!-- [et_pb_line_break_holder] -->});<!-- [et_pb_line_break_holder] --><!-- [et_pb_line_break_holder] -->\/\/ \u0417\u0430\u043a\u0440\u044b\u0442\u0438\u0435 \u043e\u043a\u043d\u0430 \u043f\u0440\u0438 \u043a\u043b\u0438\u043a\u0435 \u043d\u0430 \u043a\u0440\u0435\u0441\u0442\u0438\u043a<!-- [et_pb_line_break_holder] -->closeBtn.addEventListener('click', () => {<!-- [et_pb_line_break_holder] -->    popup.classList.add('hidden');<!-- [et_pb_line_break_holder] -->});<!-- [et_pb_line_break_holder] --><!-- [et_pb_line_break_holder] -->\/\/ \u0417\u0430\u043a\u0440\u044b\u0442\u0438\u0435 \u043e\u043a\u043d\u0430 \u043f\u0440\u0438 \u043a\u043b\u0438\u043a\u0435 \u0432\u043d\u0435 \u043e\u0431\u043b\u0430\u0441\u0442\u0438 \u0441\u043e\u0434\u0435\u0440\u0436\u0438\u043c\u043e\u0433\u043e<!-- [et_pb_line_break_holder] -->popup.addEventListener('click', (e) => {<!-- [et_pb_line_break_holder] -->    if (e.target === popup) {<!-- [et_pb_line_break_holder] -->        popup.classList.add('hidden');<!-- [et_pb_line_break_holder] -->    }<!-- [et_pb_line_break_holder] -->});<!-- [et_pb_line_break_holder] --><!-- [et_pb_line_break_holder] --><\/script>[\/et_pb_code][\/et_pb_column_inner][\/et_pb_row_inner][\/et_pb_column][\/et_pb_section]<\/p>\n","protected":false},"excerpt":{"rendered":"<p>\u0416\u0434\u0435\u043c \u0432\u0430\u0441 \u043f\u043e \u0430\u0434\u0440\u0435\u0441\u0443 Vahuri 5 (Peterburi tee 53a), 11415, \u0422\u0430\u043b\u043b\u0438\u043d\u043d \u041f\u043d-\u041f\u0442: 9-17; \u0421\u0431, \u0412\u0441: \u0417\u0430\u043a\u0440\u044b\u0442\u043e.\n<div class=\"wpcf7 no-js\" id=\"wpcf7-f195-o2\" lang=\"ru-RU\" dir=\"ltr\" data-wpcf7-id=\"195\">\n<div class=\"screen-reader-response\"><p role=\"status\" aria-live=\"polite\" aria-atomic=\"true\"><\/p> <ul><\/ul><\/div>\n<form action=\"\/ru\/wp-json\/wp\/v2\/pages\/1246#wpcf7-f195-o2\" method=\"post\" class=\"wpcf7-form init\" aria-label=\"\u041a\u043e\u043d\u0442\u0430\u043a\u0442\u043d\u0430\u044f \u0444\u043e\u0440\u043c\u0430\" novalidate=\"novalidate\" data-status=\"init\">\n<fieldset class=\"hidden-fields-container\"><input type=\"hidden\" name=\"_wpcf7\" value=\"195\" \/><input type=\"hidden\" name=\"_wpcf7_version\" value=\"6.1.4\" \/><input type=\"hidden\" name=\"_wpcf7_locale\" value=\"ru_RU\" \/><input type=\"hidden\" name=\"_wpcf7_unit_tag\" value=\"wpcf7-f195-o2\" \/><input type=\"hidden\" name=\"_wpcf7_container_post\" value=\"0\" \/><input type=\"hidden\" name=\"_wpcf7_posted_data_hash\" value=\"\" \/><input type=\"hidden\" name=\"_wpcf7_recaptcha_response\" value=\"\" \/>\n<\/fieldset>\n<p>\u0412\u0430\u0448\u0435 \u0438\u043c\u044f (\u043e\u0431\u044f\u0437\u0430\u0442\u0435\u043b\u044c\u043d\u043e)\n<\/p>\n<p><span class=\"wpcf7-form-control-wrap\" data-name=\"your-name\"><input size=\"40\" maxlength=\"400\" class=\"wpcf7-form-control wpcf7-text wpcf7-validates-as-required\" aria-required=\"true\" aria-invalid=\"false\" value=\"\" type=\"text\" name=\"your-name\" \/><\/span>\n<\/p>\n<p>\u0412\u0430\u0448 e-mail (\u043e\u0431\u044f\u0437\u0430\u0442\u0435\u043b\u044c\u043d\u043e)\n<\/p>\n<p><span class=\"wpcf7-form-control-wrap\" data-name=\"your-email\"><input size=\"40\" maxlength=\"400\" class=\"wpcf7-form-control wpcf7-email wpcf7-validates-as-required wpcf7-text wpcf7-validates-as-email\" aria-required=\"true\" aria-invalid=\"false\" value=\"\" type=\"email\" name=\"your-email\" \/><\/span>\n<\/p>\n<p>\u0412\u0430\u0448 \u0442\u0435\u043b\u0435\u0444\u043e\u043d (\u043e\u0431\u044f\u0437\u0430\u0442\u0435\u043b\u044c\u043d\u043e)\n<\/p>\n<p><span class=\"wpcf7-form-control-wrap\" data-name=\"tel-948\"><input size=\"40\" maxlength=\"400\" class=\"wpcf7-form-control wpcf7-tel wpcf7-validates-as-required wpcf7-text wpcf7-validates-as-tel\" aria-required=\"true\" aria-invalid=\"false\" value=\"\" type=\"tel\" name=\"tel-948\" \/><\/span>\n<\/p>\n<p>\u0422\u0435\u043c\u0430\n<\/p>\n<p><span class=\"wpcf7-form-control-wrap\" data-name=\"your-subject\"><input size=\"40\" maxlength=\"400\" class=\"wpcf7-form-control wpcf7-text\" aria-invalid=\"false\" value=\"\" type=\"text\" name=\"your-subject\" \/><\/span>\n<\/p>\n<p>\u0421\u043e\u043e\u0431\u0449\u0435\u043d\u0438\u0435\n<\/p>\n<p><span class=\"wpcf7-form-control-wrap\" data-name=\"your-message\"><textarea cols=\"40\" rows=\"10\" maxlength=\"2000\" class=\"wpcf7-form-control wpcf7-textarea\" aria-invalid=\"false\" name=\"your-message\"><\/textarea><\/span>\n<\/p>\n\n<p><input class=\"wpcf7-form-control wpcf7-submit has-spinner\" type=\"submit\" value=\"\u041e\u0442\u043f\u0440\u0430\u0432\u0438\u0442\u044c\" \/>\n<\/p><p style=\"display: none !important;\" class=\"akismet-fields-container\" data-prefix=\"_wpcf7_ak_\"><label>&#916;<textarea name=\"_wpcf7_ak_hp_textarea\" cols=\"45\" rows=\"8\" maxlength=\"100\"><\/textarea><\/label><input type=\"hidden\" id=\"ak_js_2\" name=\"_wpcf7_ak_js\" value=\"181\"\/><script>document.getElementById( \"ak_js_2\" ).setAttribute( \"value\", ( new Date() ).getTime() );<\/script><\/p><div class=\"wpcf7-response-output\" aria-hidden=\"true\"><\/div>\n<\/form>\n<\/div>\n MB Abi O\u00dc E-mail: info@mbabi.ee \u042f\u0437\u044b\u043a\u0438 \u043e\u0431\u0449\u0435\u043d\u0438\u044f: <div class='one_half'>\n\t\t\t\t\t\u044d\u0441\u0442\u043e\u043d\u0441\u043a\u0438\u0439 \u0440\u0443\u0441\u0441\u043a\u0438\u0439\n\t\t\t\t<\/div><div class='one_half et_column_last'>\n\t\t\t\t\t\u0430\u043d\u0433\u043b\u0438\u0439\u0441\u043a\u0438\u0439 \u043d\u0435\u043c\u0435\u0446\u043a\u0438\u0439\n\t\t\t\t<\/div><div class='clear'><\/div> andrei@mbabi.ee +372 56 614 171 \u042f\u0437\u044b\u043a\u0438 \u043e\u0431\u0449\u0435\u043d\u0438\u044f: \u044d\u0441\u0442\u043e\u043d\u0441\u043a\u0438\u0439 \u0440\u0443\u0441\u0441\u043a\u0438\u0439 info@mbabi.ee +372 56 456 444 \u00d7 MB Abi O\u00dc digitaliseerimise teekaardi koostamineeesm\u00e4rk: Projekti eesm\u00e4rgiks [&hellip;]<\/p>\n","protected":false},"author":2,"featured_media":0,"parent":0,"menu_order":0,"comment_status":"open","ping_status":"open","template":"","meta":{"_et_pb_use_builder":"on","_et_pb_old_content":"","_et_gb_content_width":"","footnotes":""},"class_list":["post-1246","page","type-page","status-publish","hentry"],"_links":{"self":[{"href":"https:\/\/mbabi.ee\/ru\/wp-json\/wp\/v2\/pages\/1246","targetHints":{"allow":["GET"]}}],"collection":[{"href":"https:\/\/mbabi.ee\/ru\/wp-json\/wp\/v2\/pages"}],"about":[{"href":"https:\/\/mbabi.ee\/ru\/wp-json\/wp\/v2\/types\/page"}],"author":[{"embeddable":true,"href":"https:\/\/mbabi.ee\/ru\/wp-json\/wp\/v2\/users\/2"}],"replies":[{"embeddable":true,"href":"https:\/\/mbabi.ee\/ru\/wp-json\/wp\/v2\/comments?post=1246"}],"version-history":[{"count":9,"href":"https:\/\/mbabi.ee\/ru\/wp-json\/wp\/v2\/pages\/1246\/revisions"}],"predecessor-version":[{"id":2599,"href":"https:\/\/mbabi.ee\/ru\/wp-json\/wp\/v2\/pages\/1246\/revisions\/2599"}],"wp:attachment":[{"href":"https:\/\/mbabi.ee\/ru\/wp-json\/wp\/v2\/media?parent=1246"}],"curies":[{"name":"wp","href":"https:\/\/api.w.org\/{rel}","templated":true}]}}