{"id":1268,"date":"2015-07-17T15:29:16","date_gmt":"2015-07-17T11:29:16","guid":{"rendered":"https:\/\/mbabi.ee\/prices\/"},"modified":"2025-07-01T11:48:28","modified_gmt":"2025-07-01T07:48:28","slug":"hinnad","status":"publish","type":"page","link":"https:\/\/mbabi.ee\/en\/hinnad\/","title":{"rendered":"Prices"},"content":{"rendered":"<p>[et_pb_section fb_built=&#8221;1&#8243; _builder_version=&#8221;4.16&#8243; global_colors_info=&#8221;{}&#8221;][et_pb_row _builder_version=&#8221;4.16&#8243; background_size=&#8221;initial&#8221; background_position=&#8221;top_left&#8221; background_repeat=&#8221;repeat&#8221; global_colors_info=&#8221;{}&#8221;][et_pb_column type=&#8221;4_4&#8243; _builder_version=&#8221;4.16&#8243; custom_padding=&#8221;|||&#8221; global_colors_info=&#8221;{}&#8221; custom_padding__hover=&#8221;|||&#8221;][et_pb_text _builder_version=&#8221;4.27.0&#8243; hover_enabled=&#8221;0&#8243; global_colors_info=&#8221;{}&#8221; sticky_enabled=&#8221;0&#8243;]<\/p>\n<h1>Prices<\/h1>\n<link rel='stylesheet' href='https:\/\/mbabi.ee\/wp-content\/themes\/DiviChild\/table.css' type='text\/css'\/>\n<table>\n<tbody>\n<tr>\n<td colspan=\"2\">PRICE LIST FOR MAINTENANCE AND REPAIR WORKS <strong>from 01.07.2025<\/strong><\/td>\n<\/tr>\n<tr>\n<td class=\"eight\">Electrodiagnostic work<\/td>\n<td class=\"twenty\">68 \u20ac\/h<\/td>\n<\/tr>\n<tr>\n<td class=\"eight\">Engine repair works<\/td>\n<td class=\"twenty\">68 \u20ac\/h<\/td>\n<\/tr>\n<tr>\n<td class=\"eight\">Mechanical works<\/td>\n<td class=\"twenty\">62 \u20ac\/h<\/td>\n<\/tr>\n<tr>\n<td class=\"eight\">Erasing the DTCs memory, ASSYST PLUS<\/td>\n<td class=\"twenty\">30 \u20ac<\/td>\n<\/tr>\n<tr>\n<td class=\"eight\">Diagnostics, Das Test (up to 30 min)<\/td>\n<td class=\"twenty\">48 \u20ac<\/td>\n<\/tr>\n<tr>\n<td class=\"eight\">Software update<\/td>\n<td class=\"twenty\">75 &#8211; 100 \u20ac<\/td>\n<\/tr>\n<tr>\n<td class=\"eight\">SCN coding<\/td>\n<td class=\"twenty\">95 \u20ac<\/td>\n<\/tr>\n<tr>\n<td class=\"eight\">General inspection<\/td>\n<td class=\"twenty\">165 \u20ac<\/td>\n<\/tr>\n<tr>\n<td class=\"eight\">Battery test, Battery charging<\/td>\n<td class=\"twenty\">14,5 \u20ac<\/td>\n<\/tr>\n<tr>\n<td class=\"eight\">Automatic gear box maintenance (ATM) 5 G-tronic<\/td>\n<td class=\"twenty\">320 \u20ac<\/td>\n<\/tr>\n<tr>\n<td class=\"eight\">Automatic gear box maintenance (ATM) 7 G-tronic<\/td>\n<td class=\"twenty\">420 \u20ac<\/td>\n<\/tr>\n<tr>\n<td class=\"eight\">Automatic gear box maintenance (ATM) 9 G-tronic<\/td>\n<td class=\"twenty\">635 \u20ac<\/td>\n<\/tr>\n<tr>\n<td class=\"eight\">Automatic gear box maintenance (ATM) DSG<\/td>\n<td class=\"twenty\">360 \u20ac<\/td>\n<\/tr>\n<tr>\n<td class=\"eight\">Car storage (at the request of the car owner)<\/td>\n<td class=\"twenty\">8 \u20ac \/ day<\/td>\n<\/tr>\n<tr>\n<td class=\"eight\">Filing AC system R134<\/td>\n<td class=\"twenty\">85 &#8211; 120 \u20ac<\/td>\n<\/tr>\n<tr>\n<td class=\"eight\">Filing AC system R1234<\/td>\n<td class=\"twenty\">220 &#8211; 320 \u20ac<\/td>\n<\/tr>\n<tr>\n<td class=\"eight\">AC System Nitrogen testing<\/td>\n<td class=\"twenty\">38 \u20ac<\/td>\n<\/tr>\n<\/tbody>\n<\/table>\n<p>[\/et_pb_text][\/et_pb_column][\/et_pb_row][\/et_pb_section]<\/p>\n","protected":false},"excerpt":{"rendered":"<p>Prices PRICE LIST FOR MAINTENANCE AND REPAIR WORKS from 01.07.2025 Electrodiagnostic work 68 \u20ac\/h Engine repair works 68 \u20ac\/h Mechanical works 62 \u20ac\/h Erasing the DTCs memory, ASSYST PLUS 30 \u20ac Diagnostics, Das Test (up to 30 min) 48 \u20ac Software update 75 &#8211; 100 \u20ac SCN coding 95 \u20ac General inspection 165 \u20ac Battery [&hellip;]<\/p>\n","protected":false},"author":1,"featured_media":0,"parent":0,"menu_order":0,"comment_status":"open","ping_status":"open","template":"","meta":{"_et_pb_use_builder":"on","_et_pb_old_content":"<link rel='stylesheet' href='https:\/\/mbabi.ee\/wp-content\/themes\/DiviChild\/table.css' type='text\/css'\/>\r\n\r\n<table>\r\n\t<tbody>\r\n\t<tr>\r\n\t\t<td class=\"eight\">Diagnostika (Das Test)<\/td>\r\n\t\t<td class=\"twenty\">30.00 \u20ac<\/td>\r\n\t<\/tr>\r\n\t<tr>\r\n\t\t<td class=\"eight\">Diagnostilised t\u00f6\u00f6d<\/td>\r\n\t\t<td class=\"twenty\">38 \u20ac\/tund<\/td>\r\n\t<\/tr>\r\n\t<tr>\r\n\t\t<td class=\"eight\">Vigade kustutamine<\/td>\r\n\t\t<td class=\"twenty\">15 \u20ac<\/td>\r\n\t<\/tr>\r\n\t<tr>\r\n\t\t<td class=\"eight\">Elektrit\u00f6\u00f6d<\/td>\r\n\t\t<td class=\"twenty\">38 \u20ac\/tund<\/td>\r\n\t<\/tr>\r\n\t<tr>\r\n\t\t<td class=\"eight\">Salongit\u00f6\u00f6d<\/td>\r\n\t\t<td class=\"twenty\">38 \u20ac\/tund<\/td>\r\n\t<\/tr>\r\n\t<tr>\r\n\t\t<td class=\"eight\">Mootorit\u00f6\u00f6d<\/td>\r\n\t\t<td class=\"twenty\">38 \u20ac\/tund<\/td>\r\n\t<\/tr>\r\n\t<tr>\r\n\t\t<td class=\"eight\">Lisaseadmete paigaldamine<\/td>\r\n\t\t<td class=\"twenty\">38 \u20ac\/tund<\/td>\r\n\t<\/tr>\r\n\t<tr>\r\n\t\t<td class=\"eight\">Lukkseppat\u00f6\u00f6d<\/td>\r\n\t\t<td class=\"twenty\">35 \u20ac\/tund<\/td>\r\n\t<\/tr>\r\n\t<tr>\r\n\t\t<td class=\"eight\">\u00dcldkontroll<\/td>\r\n\t\t<td class=\"twenty\">80 \u20ac<\/td>\r\n\t<\/tr>\r\n\t<tr>\r\n\t\t<td class=\"eight\">Veermiku kontroll<\/td>\r\n\t\t<td class=\"twenty\">15 \u20ac<\/td>\r\n\t<\/tr>\r\n\t<tr>\r\n\t\t<td class=\"eight\">AKU test<\/td>\r\n\t\t<td class=\"twenty\">10 \u20ac<\/td>\r\n\t<\/tr>\r\n\t<tr>\r\n\t\t<td class=\"eight\">AKU laadimine <\/td>\r\n\t\t<td class=\"twenty\">10 \u20ac<\/td>\r\n\t<\/tr>\r\n\t<tr>\r\n\t\t<td class=\"eight\">CDI k\u00fc\u00fcnalde v\u00e4ljapuurimine OM 611\/612\/613\/628 (tk)<\/td>\r\n\t\t<td class=\"twenty\">135 \u20ac<\/td>\r\n\t<\/tr>\r\n\t<tr>\r\n\t\t<td class=\"eight\">CDI K\u00fc\u00fcnalde v\u00e4ljapuurimine OM 642\/629 (tk)<\/td>\r\n\t\t<td class=\"twenty\">170 \u20ac<\/td>\r\n\t<\/tr>\t\r\n\t<tr>\r\n\t\t<td class=\"eight\">Automaat k\u00e4igukasti Hooldus (ATM)<\/td>\r\n\t\t<td class=\"twenty\">198 \u20ac<\/td>\r\n\t<\/tr>\r\n\t<tr>\r\n\t\t<td class=\"eight\">Automaat k\u00e4igukasti Hooldus (ATM) 7 G-tronic<\/td>\r\n\t\t<td class=\"twenty\">292 \u20ac<\/td>\r\n\t<\/tr>\r\n\t<tr>\r\n\t\t<td class=\"eight\">Kliima kontroll<\/td>\r\n\t\t<td class=\"twenty\">25 \u20ac<\/td>\r\n\t<\/tr>\r\n\t<tr>\r\n\t\t<td class=\"eight\">Kliima t\u00e4itmine<\/td>\r\n\t\t<td class=\"twenty\">45 - 75 \u20ac<\/td>\r\n\t<\/tr>\r\n\t<tr>\r\n\t\t<td class=\"eight\">Kliimas\u00fcsteemi kontroll l\u00e4mmastikuga<\/td>\r\n\t\t<td class=\"twenty\">25 \u20ac<\/td>\r\n\t<\/tr>\r\n\t<tr>\r\n\t\t<td class=\"eight\">SCN coding<\/td>\r\n\t\t<td class=\"twenty\">35 - 80 \u20ac<\/td>\r\n\t<\/tr>\r\n\t<tr>\r\n\t\t<td class=\"eight\">Tarkvara uuendamine<\/td>\r\n\t\t<td class=\"twenty\">45 \u20ac<\/td>\r\n\t<\/tr>\r\n\t<\/tbody>\r\n<\/table>","_et_gb_content_width":"","footnotes":""},"class_list":["post-1268","page","type-page","status-publish","hentry"],"_links":{"self":[{"href":"https:\/\/mbabi.ee\/en\/wp-json\/wp\/v2\/pages\/1268","targetHints":{"allow":["GET"]}}],"collection":[{"href":"https:\/\/mbabi.ee\/en\/wp-json\/wp\/v2\/pages"}],"about":[{"href":"https:\/\/mbabi.ee\/en\/wp-json\/wp\/v2\/types\/page"}],"author":[{"embeddable":true,"href":"https:\/\/mbabi.ee\/en\/wp-json\/wp\/v2\/users\/1"}],"replies":[{"embeddable":true,"href":"https:\/\/mbabi.ee\/en\/wp-json\/wp\/v2\/comments?post=1268"}],"version-history":[{"count":10,"href":"https:\/\/mbabi.ee\/en\/wp-json\/wp\/v2\/pages\/1268\/revisions"}],"predecessor-version":[{"id":2519,"href":"https:\/\/mbabi.ee\/en\/wp-json\/wp\/v2\/pages\/1268\/revisions\/2519"}],"wp:attachment":[{"href":"https:\/\/mbabi.ee\/en\/wp-json\/wp\/v2\/media?parent=1268"}],"curies":[{"name":"wp","href":"https:\/\/api.w.org\/{rel}","templated":true}]}}